{"id":675,"date":"2020-04-04T15:54:13","date_gmt":"2020-04-04T15:54:13","guid":{"rendered":"https:\/\/www.triple-a-zertifikat.com\/aaa\/?page_id=675"},"modified":"2020-06-01T13:54:53","modified_gmt":"2020-06-01T13:54:53","slug":"der-prufungsablauf","status":"publish","type":"page","link":"https:\/\/www.triple-a-zertifikat.com\/aaa\/der-prufungsablauf\/","title":{"rendered":"Der Pr\u00fcfungsablauf"},"content":{"rendered":"\t\t<div data-elementor-type=\"wp-page\" data-elementor-id=\"675\" class=\"elementor elementor-675\">\n\t\t\t\t\t\t<section class=\"elementor-section elementor-top-section elementor-element elementor-element-3ec7b7a elementor-section-boxed elementor-section-height-default elementor-section-height-default\" data-id=\"3ec7b7a\" data-element_type=\"section\" data-settings=\"{&quot;jet_parallax_layout_list&quot;:[{&quot;jet_parallax_layout_image&quot;:{&quot;url&quot;:&quot;&quot;,&quot;id&quot;:&quot;&quot;,&quot;size&quot;:&quot;&quot;},&quot;_id&quot;:&quot;7d53ce6&quot;,&quot;jet_parallax_layout_image_tablet&quot;:{&quot;url&quot;:&quot;&quot;,&quot;id&quot;:&quot;&quot;,&quot;size&quot;:&quot;&quot;},&quot;jet_parallax_layout_image_mobile&quot;:{&quot;url&quot;:&quot;&quot;,&quot;id&quot;:&quot;&quot;,&quot;size&quot;:&quot;&quot;},&quot;jet_parallax_layout_speed&quot;:{&quot;unit&quot;:&quot;%&quot;,&quot;size&quot;:50,&quot;sizes&quot;:[]},&quot;jet_parallax_layout_type&quot;:&quot;scroll&quot;,&quot;jet_parallax_layout_direction&quot;:null,&quot;jet_parallax_layout_fx_direction&quot;:null,&quot;jet_parallax_layout_z_index&quot;:&quot;&quot;,&quot;jet_parallax_layout_bg_x&quot;:50,&quot;jet_parallax_layout_bg_y&quot;:50,&quot;jet_parallax_layout_bg_size&quot;:&quot;auto&quot;,&quot;jet_parallax_layout_animation_prop&quot;:&quot;transform&quot;,&quot;jet_parallax_layout_on&quot;:[&quot;desktop&quot;,&quot;tablet&quot;],&quot;jet_parallax_layout_bg_x_tablet&quot;:&quot;&quot;,&quot;jet_parallax_layout_bg_x_mobile&quot;:&quot;&quot;,&quot;jet_parallax_layout_bg_y_tablet&quot;:&quot;&quot;,&quot;jet_parallax_layout_bg_y_mobile&quot;:&quot;&quot;,&quot;jet_parallax_layout_bg_size_tablet&quot;:&quot;&quot;,&quot;jet_parallax_layout_bg_size_mobile&quot;:&quot;&quot;}]}\">\n\t\t\t\t\t\t<div class=\"elementor-container elementor-column-gap-default\">\n\t\t\t\t\t<div class=\"elementor-column elementor-col-50 elementor-top-column elementor-element elementor-element-14a424a\" data-id=\"14a424a\" data-element_type=\"column\">\n\t\t\t<div class=\"elementor-widget-wrap elementor-element-populated\">\n\t\t\t\t\t\t<div class=\"elementor-element elementor-element-ac97736 elementor-widget elementor-widget-image\" data-id=\"ac97736\" data-element_type=\"widget\" data-widget_type=\"image.default\">\n\t\t\t\t<div class=\"elementor-widget-container\">\n\t\t\t\t\t\t\t\t\t\t\t\t\t<img fetchpriority=\"high\" decoding=\"async\" width=\"400\" height=\"500\" src=\"https:\/\/www.triple-a-zertifikat.com\/aaa\/wp-content\/uploads\/2020\/04\/img_n1.jpg\" class=\"attachment-large size-large wp-image-635\" alt=\"\" srcset=\"https:\/\/www.triple-a-zertifikat.com\/aaa\/wp-content\/uploads\/2020\/04\/img_n1.jpg 400w, https:\/\/www.triple-a-zertifikat.com\/aaa\/wp-content\/uploads\/2020\/04\/img_n1-240x300.jpg 240w\" sizes=\"(max-width: 400px) 100vw, 400px\" \/>\t\t\t\t\t\t\t\t\t\t\t\t\t<\/div>\n\t\t\t\t<\/div>\n\t\t\t\t\t<\/div>\n\t\t<\/div>\n\t\t\t\t<div class=\"elementor-column elementor-col-50 elementor-top-column elementor-element elementor-element-9a726be\" data-id=\"9a726be\" data-element_type=\"column\">\n\t\t\t<div class=\"elementor-widget-wrap elementor-element-populated\">\n\t\t\t\t\t\t<div class=\"elementor-element elementor-element-061ed73 elementor-widget elementor-widget-heading\" data-id=\"061ed73\" data-element_type=\"widget\" data-widget_type=\"heading.default\">\n\t\t\t\t<div class=\"elementor-widget-container\">\n\t\t\t<h3 class=\"elementor-heading-title elementor-size-default\">WAS MUSS ICH TUN, UM DAS ZERTIFIKAT \u201eTriple A Premium Professional Nail Technician\u201c\nZU BEKOMMEN?<\/h3>\t\t<\/div>\n\t\t\t\t<\/div>\n\t\t\t\t<div class=\"elementor-element elementor-element-1bb04d2 elementor-widget elementor-widget-text-editor\" data-id=\"1bb04d2\" data-element_type=\"widget\" data-widget_type=\"text-editor.default\">\n\t\t\t\t<div class=\"elementor-widget-container\">\n\t\t\t\t\t\t\t<p>1. Die Aufgabenstellung genau durchlesen.<br><a style=\"color: #cf211c;\" href=\"https:\/\/www.world-nail-championship.com\/2020\/aufgabenstellung\/\">http:\/\/www.world-nail-championship.com\/wnc\/index.php\/wnc-style\/aufgabenstellung<\/a><span style=\"color: #cf211c;\"><br><\/span><span style=\"letter-spacing: 0.36px;\">2. Trainieren, bis Du 8 N\u00e4gel (ohne Daumen) nach diesen Kriterien in 4 Stunden fertigstellen kannst.<br><\/span><span style=\"letter-spacing: 0.36px;\">3. Dich zur Pr\u00fcfung anmelden.<br><\/span><span style=\"letter-spacing: 0.36px;\">4. Die Pr\u00fcfungsgeb\u00fchr mit Kreditkarte bezahlen.<br><\/span><span style=\"letter-spacing: 0.36px;\">5. Danach erh\u00e4ltst Du einen Pr\u00fcfungstermin, z. B. Donnerstag um 11 Uhr.<br><\/span><span style=\"letter-spacing: 0.36px;\">6. Dann best\u00e4tigst du diesen Termin.<br><\/span><span style=\"letter-spacing: 0.36px;\">7. Am vereinbarten Tag und Uhrzeit l\u00e4sst du von jemandem mit dem Handy ein Foto machen.<br>8. <\/span>Das Foto muss beinhalten: Dich, Dein Modell und eine Zeitung oder Handy, wo man das Datum (beim Handy die Uhrzeit) erkennen kann.<br><span style=\"letter-spacing: 0.36px;\">9. Ebenso ein Foto von den H\u00e4nden Deines Modell im Naturzustand.<br><\/span><span style=\"letter-spacing: 0.36px;\">10. Diese beiden Fotos schickst Du 5 Minuten vor Beginn an <span style=\"color: #cf211c;\"><strong><a style=\"color: #cf211c;\" href=\"mailto:office@world-nail-association.com\">office@world-nail-association.com<\/a><\/strong><\/span><br><\/span><span style=\"letter-spacing: 0.36px;\">11. Danach schickt jemand alle 30 Minuten ein Foto wie bei Punkt 8. um den Arbeitsverlauf zu dokumentieren.<br><\/span><span style=\"letter-spacing: 0.36px;\">12. Nach 4 Stunden schickst Du das Finalfoto vorab.<br><\/span><span style=\"letter-spacing: 0.36px;\">13. Innerhalb der n\u00e4chsten 10 Minuten machst du 5 Fotos: von oben, von vorne, von links und von rechts und schickst es wiederum an <strong><span style=\"color: #cf211c;\"><a style=\"color: #cf211c;\" href=\"mailto:office@world-nail-association.com\">office@world-nail-association.com<\/a><\/span><\/strong><\/span><\/p>\n<p style=\"padding-left: 80px;\"><span style=\"letter-spacing: 0.36px;\">a: VON OBEN (lege beide H\u00e4nde auf den Tisch, Zeigefinger an Zeigefinger, Daumen unter den Tisch)<br>b: VON VORNE Tunnel (C-Curve, Tunnelansicht), von der Seite links (von beiden H\u00e4nden)<br>c: VON der Seite AUSSEN (von beiden H\u00e4nden)<br>d: VON der Seite INNEN (von beiden H\u00e4nden)<br>e: Ein sch\u00f6nes Finalbild, f\u00fcr die Ver\u00f6ffentlichung.<\/span><\/p>\n<p><span style=\"letter-spacing: 0.36px;\">14. Das wars.<\/span><\/p>\t\t\t\t\t\t<\/div>\n\t\t\t\t<\/div>\n\t\t\t\t<div class=\"elementor-element elementor-element-2555cfc elementor-hidden-desktop elementor-widget elementor-widget-image\" data-id=\"2555cfc\" data-element_type=\"widget\" data-widget_type=\"image.default\">\n\t\t\t\t<div class=\"elementor-widget-container\">\n\t\t\t\t\t\t\t\t\t\t<figure class=\"wp-caption\">\n\t\t\t\t\t\t\t\t\t\t<img decoding=\"async\" width=\"1024\" height=\"895\" src=\"https:\/\/www.triple-a-zertifikat.com\/aaa\/wp-content\/uploads\/2020\/04\/a_von_oben_Ina-1024x895.jpg\" class=\"attachment-large size-large wp-image-787\" alt=\"\" srcset=\"https:\/\/www.triple-a-zertifikat.com\/aaa\/wp-content\/uploads\/2020\/04\/a_von_oben_Ina-1024x895.jpg 1024w, https:\/\/www.triple-a-zertifikat.com\/aaa\/wp-content\/uploads\/2020\/04\/a_von_oben_Ina-300x262.jpg 300w, https:\/\/www.triple-a-zertifikat.com\/aaa\/wp-content\/uploads\/2020\/04\/a_von_oben_Ina-768x671.jpg 768w, https:\/\/www.triple-a-zertifikat.com\/aaa\/wp-content\/uploads\/2020\/04\/a_von_oben_Ina-1536x1342.jpg 1536w, https:\/\/www.triple-a-zertifikat.com\/aaa\/wp-content\/uploads\/2020\/04\/a_von_oben_Ina-2048x1789.jpg 2048w, https:\/\/www.triple-a-zertifikat.com\/aaa\/wp-content\/uploads\/2020\/04\/a_von_oben_Ina-600x524.jpg 600w\" sizes=\"(max-width: 1024px) 100vw, 1024px\" \/>\t\t\t\t\t\t\t\t\t\t\t<figcaption class=\"widget-image-caption wp-caption-text\">a: von Oben<\/figcaption>\n\t\t\t\t\t\t\t\t\t\t<\/figure>\n\t\t\t\t\t\t\t<\/div>\n\t\t\t\t<\/div>\n\t\t\t\t<div class=\"elementor-element elementor-element-788f647 elementor-hidden-desktop elementor-widget elementor-widget-image\" data-id=\"788f647\" data-element_type=\"widget\" data-widget_type=\"image.default\">\n\t\t\t\t<div class=\"elementor-widget-container\">\n\t\t\t\t\t\t\t\t\t\t<figure class=\"wp-caption\">\n\t\t\t\t\t\t\t\t\t\t<img decoding=\"async\" width=\"1024\" height=\"253\" src=\"https:\/\/www.triple-a-zertifikat.com\/aaa\/wp-content\/uploads\/2020\/04\/Tagesablauf-Punkt-15-b-TUNNEL_INA2.0jpg-1024x253.jpg\" class=\"attachment-large size-large wp-image-792\" alt=\"\" srcset=\"https:\/\/www.triple-a-zertifikat.com\/aaa\/wp-content\/uploads\/2020\/04\/Tagesablauf-Punkt-15-b-TUNNEL_INA2.0jpg-1024x253.jpg 1024w, https:\/\/www.triple-a-zertifikat.com\/aaa\/wp-content\/uploads\/2020\/04\/Tagesablauf-Punkt-15-b-TUNNEL_INA2.0jpg-300x74.jpg 300w, https:\/\/www.triple-a-zertifikat.com\/aaa\/wp-content\/uploads\/2020\/04\/Tagesablauf-Punkt-15-b-TUNNEL_INA2.0jpg-768x190.jpg 768w, https:\/\/www.triple-a-zertifikat.com\/aaa\/wp-content\/uploads\/2020\/04\/Tagesablauf-Punkt-15-b-TUNNEL_INA2.0jpg-1536x380.jpg 1536w, https:\/\/www.triple-a-zertifikat.com\/aaa\/wp-content\/uploads\/2020\/04\/Tagesablauf-Punkt-15-b-TUNNEL_INA2.0jpg-2048x506.jpg 2048w, https:\/\/www.triple-a-zertifikat.com\/aaa\/wp-content\/uploads\/2020\/04\/Tagesablauf-Punkt-15-b-TUNNEL_INA2.0jpg-600x148.jpg 600w\" sizes=\"(max-width: 1024px) 100vw, 1024px\" \/>\t\t\t\t\t\t\t\t\t\t\t<figcaption class=\"widget-image-caption wp-caption-text\">b: Tunnel<\/figcaption>\n\t\t\t\t\t\t\t\t\t\t<\/figure>\n\t\t\t\t\t\t\t<\/div>\n\t\t\t\t<\/div>\n\t\t\t\t<div class=\"elementor-element elementor-element-e3aa80f elementor-hidden-desktop elementor-widget elementor-widget-image\" data-id=\"e3aa80f\" data-element_type=\"widget\" data-widget_type=\"image.default\">\n\t\t\t\t<div class=\"elementor-widget-container\">\n\t\t\t\t\t\t\t\t\t\t<figure class=\"wp-caption\">\n\t\t\t\t\t\t\t\t\t\t<img loading=\"lazy\" decoding=\"async\" width=\"1024\" height=\"539\" src=\"https:\/\/www.triple-a-zertifikat.com\/aaa\/wp-content\/uploads\/2020\/04\/c_von_aussen_Ina-1024x539.jpg\" class=\"attachment-large size-large wp-image-788\" alt=\"\" srcset=\"https:\/\/www.triple-a-zertifikat.com\/aaa\/wp-content\/uploads\/2020\/04\/c_von_aussen_Ina-1024x539.jpg 1024w, https:\/\/www.triple-a-zertifikat.com\/aaa\/wp-content\/uploads\/2020\/04\/c_von_aussen_Ina-300x158.jpg 300w, https:\/\/www.triple-a-zertifikat.com\/aaa\/wp-content\/uploads\/2020\/04\/c_von_aussen_Ina-768x404.jpg 768w, https:\/\/www.triple-a-zertifikat.com\/aaa\/wp-content\/uploads\/2020\/04\/c_von_aussen_Ina-1536x808.jpg 1536w, https:\/\/www.triple-a-zertifikat.com\/aaa\/wp-content\/uploads\/2020\/04\/c_von_aussen_Ina-2048x1078.jpg 2048w, https:\/\/www.triple-a-zertifikat.com\/aaa\/wp-content\/uploads\/2020\/04\/c_von_aussen_Ina-600x316.jpg 600w\" sizes=\"(max-width: 1024px) 100vw, 1024px\" \/>\t\t\t\t\t\t\t\t\t\t\t<figcaption class=\"widget-image-caption wp-caption-text\">c: von Aussen<\/figcaption>\n\t\t\t\t\t\t\t\t\t\t<\/figure>\n\t\t\t\t\t\t\t<\/div>\n\t\t\t\t<\/div>\n\t\t\t\t<div class=\"elementor-element elementor-element-7a4cb86 elementor-hidden-desktop elementor-widget elementor-widget-image\" data-id=\"7a4cb86\" data-element_type=\"widget\" data-widget_type=\"image.default\">\n\t\t\t\t<div class=\"elementor-widget-container\">\n\t\t\t\t\t\t\t\t\t\t<figure class=\"wp-caption\">\n\t\t\t\t\t\t\t\t\t\t<img loading=\"lazy\" decoding=\"async\" width=\"1024\" height=\"485\" src=\"https:\/\/www.triple-a-zertifikat.com\/aaa\/wp-content\/uploads\/2020\/04\/d_aussen_Ina-1024x485.jpg\" class=\"attachment-large size-large wp-image-789\" alt=\"\" srcset=\"https:\/\/www.triple-a-zertifikat.com\/aaa\/wp-content\/uploads\/2020\/04\/d_aussen_Ina-1024x485.jpg 1024w, https:\/\/www.triple-a-zertifikat.com\/aaa\/wp-content\/uploads\/2020\/04\/d_aussen_Ina-300x142.jpg 300w, https:\/\/www.triple-a-zertifikat.com\/aaa\/wp-content\/uploads\/2020\/04\/d_aussen_Ina-768x363.jpg 768w, https:\/\/www.triple-a-zertifikat.com\/aaa\/wp-content\/uploads\/2020\/04\/d_aussen_Ina-1536x727.jpg 1536w, https:\/\/www.triple-a-zertifikat.com\/aaa\/wp-content\/uploads\/2020\/04\/d_aussen_Ina-2048x969.jpg 2048w, https:\/\/www.triple-a-zertifikat.com\/aaa\/wp-content\/uploads\/2020\/04\/d_aussen_Ina-600x284.jpg 600w\" sizes=\"(max-width: 1024px) 100vw, 1024px\" \/>\t\t\t\t\t\t\t\t\t\t\t<figcaption class=\"widget-image-caption wp-caption-text\">d: von Innen<\/figcaption>\n\t\t\t\t\t\t\t\t\t\t<\/figure>\n\t\t\t\t\t\t\t<\/div>\n\t\t\t\t<\/div>\n\t\t\t\t<div class=\"elementor-element elementor-element-b577be1 elementor-hidden-desktop elementor-widget elementor-widget-image\" data-id=\"b577be1\" data-element_type=\"widget\" data-widget_type=\"image.default\">\n\t\t\t\t<div class=\"elementor-widget-container\">\n\t\t\t\t\t\t\t\t\t\t<figure class=\"wp-caption\">\n\t\t\t\t\t\t\t\t\t\t<img loading=\"lazy\" decoding=\"async\" width=\"1024\" height=\"485\" src=\"https:\/\/www.triple-a-zertifikat.com\/aaa\/wp-content\/uploads\/2020\/04\/Seite-38-Katalin-1024x485.jpg\" class=\"attachment-large size-large wp-image-790\" alt=\"\" srcset=\"https:\/\/www.triple-a-zertifikat.com\/aaa\/wp-content\/uploads\/2020\/04\/Seite-38-Katalin-1024x485.jpg 1024w, https:\/\/www.triple-a-zertifikat.com\/aaa\/wp-content\/uploads\/2020\/04\/Seite-38-Katalin-300x142.jpg 300w, https:\/\/www.triple-a-zertifikat.com\/aaa\/wp-content\/uploads\/2020\/04\/Seite-38-Katalin-768x363.jpg 768w, https:\/\/www.triple-a-zertifikat.com\/aaa\/wp-content\/uploads\/2020\/04\/Seite-38-Katalin-1536x727.jpg 1536w, https:\/\/www.triple-a-zertifikat.com\/aaa\/wp-content\/uploads\/2020\/04\/Seite-38-Katalin-2048x969.jpg 2048w, https:\/\/www.triple-a-zertifikat.com\/aaa\/wp-content\/uploads\/2020\/04\/Seite-38-Katalin-600x284.jpg 600w\" sizes=\"(max-width: 1024px) 100vw, 1024px\" \/>\t\t\t\t\t\t\t\t\t\t\t<figcaption class=\"widget-image-caption wp-caption-text\">e: Finale<\/figcaption>\n\t\t\t\t\t\t\t\t\t\t<\/figure>\n\t\t\t\t\t\t\t<\/div>\n\t\t\t\t<\/div>\n\t\t\t\t<div class=\"elementor-element elementor-element-111c51b elementor-hidden-tablet elementor-hidden-phone elementor-widget elementor-widget-image-carousel\" data-id=\"111c51b\" data-element_type=\"widget\" data-settings=\"{&quot;slides_to_show&quot;:&quot;5&quot;,&quot;slides_to_scroll&quot;:&quot;1&quot;,&quot;navigation&quot;:&quot;none&quot;,&quot;autoplay&quot;:&quot;no&quot;,&quot;infinite&quot;:&quot;no&quot;,&quot;speed&quot;:500}\" data-widget_type=\"image-carousel.default\">\n\t\t\t\t<div class=\"elementor-widget-container\">\n\t\t\t\t\t<div class=\"elementor-image-carousel-wrapper swiper\" dir=\"ltr\">\n\t\t\t<div class=\"elementor-image-carousel swiper-wrapper\" aria-live=\"polite\">\n\t\t\t\t\t\t\t\t<div class=\"swiper-slide\" role=\"group\" aria-roledescription=\"slide\" aria-label=\"1 of 5\"><a data-elementor-open-lightbox=\"yes\" data-elementor-lightbox-slideshow=\"111c51b\" data-elementor-lightbox-title=\"a: VON OBEN\" data-e-action-hash=\"#elementor-action%3Aaction%3Dlightbox%26settings%3DeyJpZCI6Nzg3LCJ1cmwiOiJodHRwczpcL1wvd3d3LnRyaXBsZS1hLXplcnRpZmlrYXQuY29tXC9hYWFcL3dwLWNvbnRlbnRcL3VwbG9hZHNcLzIwMjBcLzA0XC9hX3Zvbl9vYmVuX0luYS5qcGciLCJzbGlkZXNob3ciOiIxMTFjNTFiIn0%3D\" href=\"https:\/\/www.triple-a-zertifikat.com\/aaa\/wp-content\/uploads\/2020\/04\/a_von_oben_Ina.jpg\"><figure class=\"swiper-slide-inner\"><img decoding=\"async\" class=\"swiper-slide-image\" src=\"https:\/\/www.triple-a-zertifikat.com\/aaa\/wp-content\/uploads\/elementor\/thumbs\/a_von_oben_Ina-onx9tjc1yp8uxhj3x7li9akb1g4iwnp3krwarcsm48.jpg\" alt=\"a: VON OBEN\" \/><figcaption class=\"elementor-image-carousel-caption\">a: VON OBEN<\/figcaption><\/figure><\/a><\/div><div class=\"swiper-slide\" role=\"group\" aria-roledescription=\"slide\" aria-label=\"2 of 5\"><a data-elementor-open-lightbox=\"yes\" data-elementor-lightbox-slideshow=\"111c51b\" data-elementor-lightbox-title=\"b: TUNNEL\" data-e-action-hash=\"#elementor-action%3Aaction%3Dlightbox%26settings%3DeyJpZCI6NzkyLCJ1cmwiOiJodHRwczpcL1wvd3d3LnRyaXBsZS1hLXplcnRpZmlrYXQuY29tXC9hYWFcL3dwLWNvbnRlbnRcL3VwbG9hZHNcLzIwMjBcLzA0XC9UYWdlc2FibGF1Zi1QdW5rdC0xNS1iLVRVTk5FTF9JTkEyLjBqcGctc2NhbGVkLmpwZyIsInNsaWRlc2hvdyI6IjExMWM1MWIifQ%3D%3D\" href=\"https:\/\/www.triple-a-zertifikat.com\/aaa\/wp-content\/uploads\/2020\/04\/Tagesablauf-Punkt-15-b-TUNNEL_INA2.0jpg-scaled.jpg\"><figure class=\"swiper-slide-inner\"><img decoding=\"async\" class=\"swiper-slide-image\" src=\"https:\/\/www.triple-a-zertifikat.com\/aaa\/wp-content\/uploads\/elementor\/thumbs\/Tagesablauf-Punkt-15-b-TUNNEL_INA2.0jpg-scaled-onx9uv9tn92hdllh5abhaggtc3k8t7zerd628gtjaw.jpg\" alt=\"b: TUNNEL\" \/><figcaption class=\"elementor-image-carousel-caption\">b: TUNNEL<\/figcaption><\/figure><\/a><\/div><div class=\"swiper-slide\" role=\"group\" aria-roledescription=\"slide\" aria-label=\"3 of 5\"><a data-elementor-open-lightbox=\"yes\" data-elementor-lightbox-slideshow=\"111c51b\" data-elementor-lightbox-title=\"c: AUSSEN\" data-e-action-hash=\"#elementor-action%3Aaction%3Dlightbox%26settings%3DeyJpZCI6Nzg4LCJ1cmwiOiJodHRwczpcL1wvd3d3LnRyaXBsZS1hLXplcnRpZmlrYXQuY29tXC9hYWFcL3dwLWNvbnRlbnRcL3VwbG9hZHNcLzIwMjBcLzA0XC9jX3Zvbl9hdXNzZW5fSW5hLXNjYWxlZC5qcGciLCJzbGlkZXNob3ciOiIxMTFjNTFiIn0%3D\" href=\"https:\/\/www.triple-a-zertifikat.com\/aaa\/wp-content\/uploads\/2020\/04\/c_von_aussen_Ina-scaled.jpg\"><figure class=\"swiper-slide-inner\"><img decoding=\"async\" class=\"swiper-slide-image\" src=\"https:\/\/www.triple-a-zertifikat.com\/aaa\/wp-content\/uploads\/elementor\/thumbs\/c_von_aussen_Ina-scaled-onx9twhsmdqvg0zzsdaa878rcubnwf5cal13h893p4.jpg\" alt=\"c: AUSSEN\" \/><figcaption class=\"elementor-image-carousel-caption\">c: AUSSEN<\/figcaption><\/figure><\/a><\/div><div class=\"swiper-slide\" role=\"group\" aria-roledescription=\"slide\" aria-label=\"4 of 5\"><a data-elementor-open-lightbox=\"yes\" data-elementor-lightbox-slideshow=\"111c51b\" data-elementor-lightbox-title=\"d: INNEN\" data-e-action-hash=\"#elementor-action%3Aaction%3Dlightbox%26settings%3DeyJpZCI6Nzg5LCJ1cmwiOiJodHRwczpcL1wvd3d3LnRyaXBsZS1hLXplcnRpZmlrYXQuY29tXC9hYWFcL3dwLWNvbnRlbnRcL3VwbG9hZHNcLzIwMjBcLzA0XC9kX2F1c3Nlbl9JbmEtc2NhbGVkLmpwZyIsInNsaWRlc2hvdyI6IjExMWM1MWIifQ%3D%3D\" href=\"https:\/\/www.triple-a-zertifikat.com\/aaa\/wp-content\/uploads\/2020\/04\/d_aussen_Ina-scaled.jpg\"><figure class=\"swiper-slide-inner\"><img decoding=\"async\" class=\"swiper-slide-image\" src=\"https:\/\/www.triple-a-zertifikat.com\/aaa\/wp-content\/uploads\/elementor\/thumbs\/d_aussen_Ina-scaled-onx9u7ruwe6bbcjlyi5t24eahgs2gse4c4ux8jsdmg.jpg\" alt=\"d: INNEN\" \/><figcaption class=\"elementor-image-carousel-caption\">d: INNEN<\/figcaption><\/figure><\/a><\/div><div class=\"swiper-slide\" role=\"group\" aria-roledescription=\"slide\" aria-label=\"5 of 5\"><a data-elementor-open-lightbox=\"yes\" data-elementor-lightbox-slideshow=\"111c51b\" data-elementor-lightbox-title=\"FINALE\" data-e-action-hash=\"#elementor-action%3Aaction%3Dlightbox%26settings%3DeyJpZCI6NzkwLCJ1cmwiOiJodHRwczpcL1wvd3d3LnRyaXBsZS1hLXplcnRpZmlrYXQuY29tXC9hYWFcL3dwLWNvbnRlbnRcL3VwbG9hZHNcLzIwMjBcLzA0XC9TZWl0ZS0zOC1LYXRhbGluLXNjYWxlZC5qcGciLCJzbGlkZXNob3ciOiIxMTFjNTFiIn0%3D\" href=\"https:\/\/www.triple-a-zertifikat.com\/aaa\/wp-content\/uploads\/2020\/04\/Seite-38-Katalin-scaled.jpg\"><figure class=\"swiper-slide-inner\"><img decoding=\"async\" class=\"swiper-slide-image\" src=\"https:\/\/www.triple-a-zertifikat.com\/aaa\/wp-content\/uploads\/elementor\/thumbs\/Seite-38-Katalin-scaled-onx9uj1x6elr6o384n1bw1jtm38h15mwdooqzvbnjs.jpg\" alt=\"FINALE\" \/><figcaption class=\"elementor-image-carousel-caption\">FINALE<\/figcaption><\/figure><\/a><\/div>\t\t\t<\/div>\n\t\t\t\t\t\t\t\n\t\t\t\t\t\t\t\t\t<\/div>\n\t\t\t\t<\/div>\n\t\t\t\t<\/div>\n\t\t\t\t\t<\/div>\n\t\t<\/div>\n\t\t\t\t\t<\/div>\n\t\t<\/section>\n\t\t\t\t<\/div>\n\t\t","protected":false},"excerpt":{"rendered":"<p>WAS MUSS ICH TUN, UM DAS ZERTIFIKAT \u201eTriple A Premium Professional Nail Technician\u201c ZU BEKOMMEN? 1. Die Aufgabenstellung genau durchlesen.http:\/\/www.world-nail-championship.com\/wnc\/index.php\/wnc-style\/aufgabenstellung2. Trainieren, bis Du 8 N\u00e4gel (ohne Daumen) nach diesen Kriterien in 4 Stunden fertigstellen kannst.3. Dich zur Pr\u00fcfung anmelden.4. Die Pr\u00fcfungsgeb\u00fchr mit Kreditkarte bezahlen.5. Danach erh\u00e4ltst Du einen Pr\u00fcfungstermin, z. B. Donnerstag um 11 Uhr.6. [&hellip;]<\/p>\n","protected":false},"author":1,"featured_media":0,"parent":0,"menu_order":0,"comment_status":"closed","ping_status":"closed","template":"","meta":{"pmpro_default_level":"","footnotes":""},"_links":{"self":[{"href":"https:\/\/www.triple-a-zertifikat.com\/aaa\/wp-json\/wp\/v2\/pages\/675"}],"collection":[{"href":"https:\/\/www.triple-a-zertifikat.com\/aaa\/wp-json\/wp\/v2\/pages"}],"about":[{"href":"https:\/\/www.triple-a-zertifikat.com\/aaa\/wp-json\/wp\/v2\/types\/page"}],"author":[{"embeddable":true,"href":"https:\/\/www.triple-a-zertifikat.com\/aaa\/wp-json\/wp\/v2\/users\/1"}],"replies":[{"embeddable":true,"href":"https:\/\/www.triple-a-zertifikat.com\/aaa\/wp-json\/wp\/v2\/comments?post=675"}],"version-history":[{"count":11,"href":"https:\/\/www.triple-a-zertifikat.com\/aaa\/wp-json\/wp\/v2\/pages\/675\/revisions"}],"predecessor-version":[{"id":984,"href":"https:\/\/www.triple-a-zertifikat.com\/aaa\/wp-json\/wp\/v2\/pages\/675\/revisions\/984"}],"wp:attachment":[{"href":"https:\/\/www.triple-a-zertifikat.com\/aaa\/wp-json\/wp\/v2\/media?parent=675"}],"curies":[{"name":"wp","href":"https:\/\/api.w.org\/{rel}","templated":true}]}}