{"id":680,"date":"2020-04-04T16:12:28","date_gmt":"2020-04-04T16:12:28","guid":{"rendered":"https:\/\/www.triple-a-zertifikat.com\/aaa\/?page_id=680"},"modified":"2020-06-01T14:00:58","modified_gmt":"2020-06-01T14:00:58","slug":"die-prufungsaufgaben","status":"publish","type":"page","link":"https:\/\/www.triple-a-zertifikat.com\/aaa\/die-prufungsaufgaben\/","title":{"rendered":"Die Pr\u00fcfungsaufgaben"},"content":{"rendered":"\t\t<div data-elementor-type=\"wp-page\" data-elementor-id=\"680\" class=\"elementor elementor-680\">\n\t\t\t\t\t\t<section class=\"elementor-section elementor-top-section elementor-element elementor-element-5d74a1d elementor-section-boxed elementor-section-height-default elementor-section-height-default\" data-id=\"5d74a1d\" data-element_type=\"section\" data-settings=\"{&quot;jet_parallax_layout_list&quot;:[{&quot;jet_parallax_layout_image&quot;:{&quot;url&quot;:&quot;&quot;,&quot;id&quot;:&quot;&quot;,&quot;size&quot;:&quot;&quot;},&quot;_id&quot;:&quot;dd9eb74&quot;,&quot;jet_parallax_layout_image_tablet&quot;:{&quot;url&quot;:&quot;&quot;,&quot;id&quot;:&quot;&quot;,&quot;size&quot;:&quot;&quot;},&quot;jet_parallax_layout_image_mobile&quot;:{&quot;url&quot;:&quot;&quot;,&quot;id&quot;:&quot;&quot;,&quot;size&quot;:&quot;&quot;},&quot;jet_parallax_layout_speed&quot;:{&quot;unit&quot;:&quot;%&quot;,&quot;size&quot;:50,&quot;sizes&quot;:[]},&quot;jet_parallax_layout_type&quot;:&quot;scroll&quot;,&quot;jet_parallax_layout_direction&quot;:null,&quot;jet_parallax_layout_fx_direction&quot;:null,&quot;jet_parallax_layout_z_index&quot;:&quot;&quot;,&quot;jet_parallax_layout_bg_x&quot;:50,&quot;jet_parallax_layout_bg_y&quot;:50,&quot;jet_parallax_layout_bg_size&quot;:&quot;auto&quot;,&quot;jet_parallax_layout_animation_prop&quot;:&quot;transform&quot;,&quot;jet_parallax_layout_on&quot;:[&quot;desktop&quot;,&quot;tablet&quot;],&quot;jet_parallax_layout_bg_x_tablet&quot;:&quot;&quot;,&quot;jet_parallax_layout_bg_x_mobile&quot;:&quot;&quot;,&quot;jet_parallax_layout_bg_y_tablet&quot;:&quot;&quot;,&quot;jet_parallax_layout_bg_y_mobile&quot;:&quot;&quot;,&quot;jet_parallax_layout_bg_size_tablet&quot;:&quot;&quot;,&quot;jet_parallax_layout_bg_size_mobile&quot;:&quot;&quot;}]}\">\n\t\t\t\t\t\t<div class=\"elementor-container elementor-column-gap-default\">\n\t\t\t\t\t<div class=\"elementor-column elementor-col-50 elementor-top-column elementor-element elementor-element-5cc8efb\" data-id=\"5cc8efb\" data-element_type=\"column\">\n\t\t\t<div class=\"elementor-widget-wrap elementor-element-populated\">\n\t\t\t\t\t\t<div class=\"elementor-element elementor-element-423eca3 elementor-widget elementor-widget-image\" data-id=\"423eca3\" data-element_type=\"widget\" data-widget_type=\"image.default\">\n\t\t\t\t<div class=\"elementor-widget-container\">\n\t\t\t\t\t\t\t\t\t\t\t\t\t<img fetchpriority=\"high\" decoding=\"async\" width=\"400\" height=\"500\" src=\"https:\/\/www.triple-a-zertifikat.com\/aaa\/wp-content\/uploads\/2020\/04\/img_n2.jpg\" class=\"attachment-large size-large wp-image-636\" alt=\"\" srcset=\"https:\/\/www.triple-a-zertifikat.com\/aaa\/wp-content\/uploads\/2020\/04\/img_n2.jpg 400w, https:\/\/www.triple-a-zertifikat.com\/aaa\/wp-content\/uploads\/2020\/04\/img_n2-240x300.jpg 240w\" sizes=\"(max-width: 400px) 100vw, 400px\" \/>\t\t\t\t\t\t\t\t\t\t\t\t\t<\/div>\n\t\t\t\t<\/div>\n\t\t\t\t<div class=\"elementor-element elementor-element-0fad4c9 elementor-widget elementor-widget-image\" data-id=\"0fad4c9\" data-element_type=\"widget\" data-widget_type=\"image.default\">\n\t\t\t\t<div class=\"elementor-widget-container\">\n\t\t\t\t\t\t\t\t\t\t\t\t\t\t<a href=\"https:\/\/www.triple-a-zertifikat.com\/aaa\/wp-content\/uploads\/2020\/04\/konstruktionszeichnung_wnc_nagel-scaled.jpg\" data-elementor-open-lightbox=\"yes\" data-elementor-lightbox-title=\"konstruktionszeichnung_wnc_nagel\" data-e-action-hash=\"#elementor-action%3Aaction%3Dlightbox%26settings%3DeyJpZCI6Njg2LCJ1cmwiOiJodHRwczpcL1wvd3d3LnRyaXBsZS1hLXplcnRpZmlrYXQuY29tXC9hYWFcL3dwLWNvbnRlbnRcL3VwbG9hZHNcLzIwMjBcLzA0XC9rb25zdHJ1a3Rpb25zemVpY2hudW5nX3duY19uYWdlbC1zY2FsZWQuanBnIn0%3D\">\n\t\t\t\t\t\t\t<img decoding=\"async\" width=\"1024\" height=\"724\" src=\"https:\/\/www.triple-a-zertifikat.com\/aaa\/wp-content\/uploads\/2020\/04\/konstruktionszeichnung_wnc_nagel-1024x724.jpg\" class=\"attachment-large size-large wp-image-686\" alt=\"\" srcset=\"https:\/\/www.triple-a-zertifikat.com\/aaa\/wp-content\/uploads\/2020\/04\/konstruktionszeichnung_wnc_nagel-1024x724.jpg 1024w, https:\/\/www.triple-a-zertifikat.com\/aaa\/wp-content\/uploads\/2020\/04\/konstruktionszeichnung_wnc_nagel-300x212.jpg 300w, https:\/\/www.triple-a-zertifikat.com\/aaa\/wp-content\/uploads\/2020\/04\/konstruktionszeichnung_wnc_nagel-768x543.jpg 768w, https:\/\/www.triple-a-zertifikat.com\/aaa\/wp-content\/uploads\/2020\/04\/konstruktionszeichnung_wnc_nagel-1536x1086.jpg 1536w, https:\/\/www.triple-a-zertifikat.com\/aaa\/wp-content\/uploads\/2020\/04\/konstruktionszeichnung_wnc_nagel-2048x1448.jpg 2048w, https:\/\/www.triple-a-zertifikat.com\/aaa\/wp-content\/uploads\/2020\/04\/konstruktionszeichnung_wnc_nagel-600x424.jpg 600w\" sizes=\"(max-width: 1024px) 100vw, 1024px\" \/>\t\t\t\t\t\t\t\t<\/a>\n\t\t\t\t\t\t\t\t\t\t\t\t\t<\/div>\n\t\t\t\t<\/div>\n\t\t\t\t\t<\/div>\n\t\t<\/div>\n\t\t\t\t<div class=\"elementor-column elementor-col-50 elementor-top-column elementor-element elementor-element-4311098\" data-id=\"4311098\" data-element_type=\"column\">\n\t\t\t<div class=\"elementor-widget-wrap elementor-element-populated\">\n\t\t\t\t\t\t<div class=\"elementor-element elementor-element-2aa3d06 elementor-widget elementor-widget-heading\" data-id=\"2aa3d06\" data-element_type=\"widget\" data-widget_type=\"heading.default\">\n\t\t\t\t<div class=\"elementor-widget-container\">\n\t\t\t<h3 class=\"elementor-heading-title elementor-size-default\">Die Pr\u00fcfungskriterien und Aufgabenstellung die ben\u00f6tigt werden!<\/h3>\t\t<\/div>\n\t\t\t\t<\/div>\n\t\t\t\t<div class=\"elementor-element elementor-element-7506303 elementor-widget elementor-widget-text-editor\" data-id=\"7506303\" data-element_type=\"widget\" data-widget_type=\"text-editor.default\">\n\t\t\t\t<div class=\"elementor-widget-container\">\n\t\t\t\t\t\t\t<p>Copyright by ENA | European Nail Association<\/p><ul><li>Es muss <strong><span style=\"color: #cf211c;\">die Schablonentechnik <\/span><\/strong>gearbeitet werden.<\/li><li><span style=\"color: #cf211c;\"><strong>Die Nagelmonde <\/strong><\/span>m\u00fcssen harmonisch sein und der Optik einer Mandel entsprechen. Die Linie oben (Nagelhaut) und unten sollten die gleiche W\u00f6lbung haben. Die Farbe der Monde sollte um die H\u00e4lfte heller (sanftes wei\u00df) als die wei\u00dfe Spitze sein. Das \u201ewei\u00df\u201c soll ganz nat\u00fcrlich wirken. Die Proportionen sollen dem Nagel angepasst sein, das hei\u00dft, beim kleinen Finger sollten die Monde kleiner, beim Ringfinger und Zeigefinger etwas gr\u00f6\u00dfer bzw. gleich gro\u00df sein und beim Mittelfinger am gr\u00f6\u00dften.<\/li><li><span style=\"color: #cf211c;\"><strong>Die Nagelhaut<\/strong><\/span> muss absolut makellos aussehen. Es d\u00fcrfen kein Feilstaub, wei\u00dfe R\u00e4nder, oder Hautreste sichtbar sein. \u00dcberg\u00e4nge vom Kunststoff zum Naturnagel bzw. zur Nagelhaut d\u00fcrfen weder sicht- noch f\u00fchlbar sein.<\/li><li>Es muss auf beiden H\u00e4nden <span style=\"color: #cf211c;\"><strong>Dramatic French (pink &amp; wei\u00df)<\/strong><\/span> gearbeitet werden.<\/li><li>Es steht dem Pr\u00fcfling frei welche <span style=\"color: #cf211c;\"><strong>Farbtechniken<\/strong> <\/span>er verwendet.<\/li><li><span style=\"color: #cf211c;\"><strong>Die L\u00e4nge des Nagelbettes<\/strong><\/span> muss auf exakt 25 mm \u201everl\u00e4ngert\u201c werden.<\/li><li>Die <span style=\"color: #cf211c;\"><strong>Smile-Line<\/strong><\/span> muss dramatisch hochgezogen und entlang dieser Linie Schatten integriert werden.<\/li><li><span style=\"color: #cf211c;\"><strong>Die L\u00e4nge der wei\u00dfen Spitze<\/strong><\/span> muss exakt 40 mm sein.<\/li><li>Daraus resultierend ergibt sich eine <span style=\"color: #cf211c;\"><strong>Gesamtl\u00e4nge<\/strong> <\/span>von der Nagelhaut bis zum \u201eFree Edge End\u201c von 65 mm.<\/li><li>Die N\u00e4gel sollen<span style=\"color: #cf211c;\"><strong> von oben bis unten die gleiche Breite<\/strong><\/span> haben.<\/li><li>Die <span style=\"color: #cf211c;\"><strong>Seitenansicht<\/strong> <\/span>darf keine W\u00f6lbung aufweisen und die beiden <span style=\"color: #cf211c;\"><strong>Seitenlinien<\/strong> <\/span>m\u00fcssen gerade sein.<\/li><li>Es sollen <span style=\"color: #cf211c;\"><strong>die Tunnel<\/strong><\/span> 50% von einem Kreis darstellen.<\/li><li><span style=\"color: #cf211c;\"><strong>Die Hair-Line<\/strong> <\/span>muss von links nach rechts durchgehend hauchd\u00fcnn sein.<\/li><li><span style=\"color: #cf211c;\"><strong>Der rote Nagellack<\/strong><\/span> wird nur auf der rechten Hand aufgetragen. Die wei\u00dfen Spitzen d\u00fcrfen unter dem Lack nicht durchscheinen.<\/li><li><strong>Die Daumen<\/strong> k\u00f6nnen vor Pr\u00fcfungstermin fertig gestellt werden. Der rechte Daumen muss rot lackiert sein, der linke Daumen muss eine wei\u00dfe Spitze haben. (Bewertet werden nur acht N\u00e4gel, die Daumen dienen zur kompletten Optik).<\/li><\/ul>\t\t\t\t\t\t<\/div>\n\t\t\t\t<\/div>\n\t\t\t\t<div class=\"elementor-element elementor-element-39990f3 elementor-widget elementor-widget-button\" data-id=\"39990f3\" data-element_type=\"widget\" data-widget_type=\"button.default\">\n\t\t\t\t<div class=\"elementor-widget-container\">\n\t\t\t\t\t<div class=\"elementor-button-wrapper\">\n\t\t\t<a class=\"elementor-button elementor-button-link elementor-size-sm\" href=\"https:\/\/www.world-nail-championship.com\/2020\/haeufig-gestellte-fragen\/\">\n\t\t\t\t\t\t<span class=\"elementor-button-content-wrapper\">\n\t\t\t\t\t\t\t\t\t<span class=\"elementor-button-text\">Zur\u00fcck zu den h\u00e4ufig gestellten Fragen<\/span>\n\t\t\t\t\t<\/span>\n\t\t\t\t\t<\/a>\n\t\t<\/div>\n\t\t\t\t<\/div>\n\t\t\t\t<\/div>\n\t\t\t\t\t<\/div>\n\t\t<\/div>\n\t\t\t\t\t<\/div>\n\t\t<\/section>\n\t\t\t\t<\/div>\n\t\t","protected":false},"excerpt":{"rendered":"<p>Die Pr\u00fcfungskriterien und Aufgabenstellung die ben\u00f6tigt werden! Copyright by ENA | European Nail Association Es muss die Schablonentechnik gearbeitet werden. Die Nagelmonde m\u00fcssen harmonisch sein und der Optik einer Mandel entsprechen. Die Linie oben (Nagelhaut) und unten sollten die gleiche W\u00f6lbung haben. Die Farbe der Monde sollte um die H\u00e4lfte heller (sanftes wei\u00df) als die [&hellip;]<\/p>\n","protected":false},"author":1,"featured_media":0,"parent":0,"menu_order":0,"comment_status":"closed","ping_status":"closed","template":"","meta":{"pmpro_default_level":"","footnotes":""},"_links":{"self":[{"href":"https:\/\/www.triple-a-zertifikat.com\/aaa\/wp-json\/wp\/v2\/pages\/680"}],"collection":[{"href":"https:\/\/www.triple-a-zertifikat.com\/aaa\/wp-json\/wp\/v2\/pages"}],"about":[{"href":"https:\/\/www.triple-a-zertifikat.com\/aaa\/wp-json\/wp\/v2\/types\/page"}],"author":[{"embeddable":true,"href":"https:\/\/www.triple-a-zertifikat.com\/aaa\/wp-json\/wp\/v2\/users\/1"}],"replies":[{"embeddable":true,"href":"https:\/\/www.triple-a-zertifikat.com\/aaa\/wp-json\/wp\/v2\/comments?post=680"}],"version-history":[{"count":7,"href":"https:\/\/www.triple-a-zertifikat.com\/aaa\/wp-json\/wp\/v2\/pages\/680\/revisions"}],"predecessor-version":[{"id":985,"href":"https:\/\/www.triple-a-zertifikat.com\/aaa\/wp-json\/wp\/v2\/pages\/680\/revisions\/985"}],"wp:attachment":[{"href":"https:\/\/www.triple-a-zertifikat.com\/aaa\/wp-json\/wp\/v2\/media?parent=680"}],"curies":[{"name":"wp","href":"https:\/\/api.w.org\/{rel}","templated":true}]}}