{"id":689,"date":"2020-04-04T16:22:05","date_gmt":"2020-04-04T16:22:05","guid":{"rendered":"https:\/\/www.triple-a-zertifikat.com\/aaa\/?page_id=689"},"modified":"2020-04-11T19:29:00","modified_gmt":"2020-04-11T19:29:00","slug":"die-prufungsgebuhren","status":"publish","type":"page","link":"https:\/\/www.triple-a-zertifikat.com\/aaa\/die-prufungsgebuhren\/","title":{"rendered":"Die Pr\u00fcfungsgeb\u00fchren"},"content":{"rendered":"\t\t<div data-elementor-type=\"wp-page\" data-elementor-id=\"689\" class=\"elementor elementor-689\">\n\t\t\t\t\t\t<section class=\"elementor-section elementor-top-section elementor-element elementor-element-c0d53b3 elementor-section-boxed elementor-section-height-default elementor-section-height-default\" data-id=\"c0d53b3\" data-element_type=\"section\" data-settings=\"{&quot;jet_parallax_layout_list&quot;:[{&quot;jet_parallax_layout_image&quot;:{&quot;url&quot;:&quot;&quot;,&quot;id&quot;:&quot;&quot;,&quot;size&quot;:&quot;&quot;},&quot;_id&quot;:&quot;2c6f48f&quot;,&quot;jet_parallax_layout_image_tablet&quot;:{&quot;url&quot;:&quot;&quot;,&quot;id&quot;:&quot;&quot;,&quot;size&quot;:&quot;&quot;},&quot;jet_parallax_layout_image_mobile&quot;:{&quot;url&quot;:&quot;&quot;,&quot;id&quot;:&quot;&quot;,&quot;size&quot;:&quot;&quot;},&quot;jet_parallax_layout_speed&quot;:{&quot;unit&quot;:&quot;%&quot;,&quot;size&quot;:50,&quot;sizes&quot;:[]},&quot;jet_parallax_layout_type&quot;:&quot;scroll&quot;,&quot;jet_parallax_layout_direction&quot;:null,&quot;jet_parallax_layout_fx_direction&quot;:null,&quot;jet_parallax_layout_z_index&quot;:&quot;&quot;,&quot;jet_parallax_layout_bg_x&quot;:50,&quot;jet_parallax_layout_bg_y&quot;:50,&quot;jet_parallax_layout_bg_size&quot;:&quot;auto&quot;,&quot;jet_parallax_layout_animation_prop&quot;:&quot;transform&quot;,&quot;jet_parallax_layout_on&quot;:[&quot;desktop&quot;,&quot;tablet&quot;],&quot;jet_parallax_layout_bg_x_tablet&quot;:&quot;&quot;,&quot;jet_parallax_layout_bg_x_mobile&quot;:&quot;&quot;,&quot;jet_parallax_layout_bg_y_tablet&quot;:&quot;&quot;,&quot;jet_parallax_layout_bg_y_mobile&quot;:&quot;&quot;,&quot;jet_parallax_layout_bg_size_tablet&quot;:&quot;&quot;,&quot;jet_parallax_layout_bg_size_mobile&quot;:&quot;&quot;}]}\">\n\t\t\t\t\t\t<div class=\"elementor-container elementor-column-gap-default\">\n\t\t\t\t\t<div class=\"elementor-column elementor-col-50 elementor-top-column elementor-element elementor-element-162147f\" data-id=\"162147f\" data-element_type=\"column\">\n\t\t\t<div class=\"elementor-widget-wrap elementor-element-populated\">\n\t\t\t\t\t\t<div class=\"elementor-element elementor-element-b04cb9b elementor-widget elementor-widget-image\" data-id=\"b04cb9b\" data-element_type=\"widget\" data-widget_type=\"image.default\">\n\t\t\t\t<div class=\"elementor-widget-container\">\n\t\t\t\t\t\t\t\t\t\t\t\t\t<img fetchpriority=\"high\" decoding=\"async\" width=\"400\" height=\"500\" src=\"https:\/\/www.triple-a-zertifikat.com\/aaa\/wp-content\/uploads\/2020\/04\/img_n3.jpg\" class=\"attachment-large size-large wp-image-637\" alt=\"\" srcset=\"https:\/\/www.triple-a-zertifikat.com\/aaa\/wp-content\/uploads\/2020\/04\/img_n3.jpg 400w, https:\/\/www.triple-a-zertifikat.com\/aaa\/wp-content\/uploads\/2020\/04\/img_n3-240x300.jpg 240w\" sizes=\"(max-width: 400px) 100vw, 400px\" \/>\t\t\t\t\t\t\t\t\t\t\t\t\t<\/div>\n\t\t\t\t<\/div>\n\t\t\t\t\t<\/div>\n\t\t<\/div>\n\t\t\t\t<div class=\"elementor-column elementor-col-50 elementor-top-column elementor-element elementor-element-7f5f6a8\" data-id=\"7f5f6a8\" data-element_type=\"column\">\n\t\t\t<div class=\"elementor-widget-wrap elementor-element-populated\">\n\t\t\t\t\t\t<div class=\"elementor-element elementor-element-ce399c0 elementor-widget elementor-widget-heading\" data-id=\"ce399c0\" data-element_type=\"widget\" data-widget_type=\"heading.default\">\n\t\t\t\t<div class=\"elementor-widget-container\">\n\t\t\t<h3 class=\"elementor-heading-title elementor-size-default\">Hier hast du einen \u00dcberblick \u00fcber die anfallenden Pr\u00fcfungsgeb\u00fchren!\n<\/h3>\t\t<\/div>\n\t\t\t\t<\/div>\n\t\t\t\t<div class=\"elementor-element elementor-element-bdb44f8 elementor-widget elementor-widget-text-editor\" data-id=\"bdb44f8\" data-element_type=\"widget\" data-widget_type=\"text-editor.default\">\n\t\t\t\t<div class=\"elementor-widget-container\">\n\t\t\t\t\t\t\t<p><strong>Wie hoch sind die Pr\u00fcfungsgeb\u00fchren?<\/strong><br \/>Einmalig 250,- Euro.<\/p><p><strong>Was ist wenn ich bei der Pr\u00fcfung durchfalle?<\/strong><br \/>Das macht gar nichts, Du kannst so oft antreten, bis du es geschafft hast.<br \/>Es entstehen keine weiteren Kosten.<\/p><p><strong>Wie kann ich bezahlen?<br \/><\/strong>Per Kreditkarte oder Bank\u00fcberweisung.<\/p><p>\u00a0<\/p>\t\t\t\t\t\t<\/div>\n\t\t\t\t<\/div>\n\t\t\t\t<div class=\"elementor-element elementor-element-5a101fd elementor-widget elementor-widget-jet-button\" data-id=\"5a101fd\" data-element_type=\"widget\" data-widget_type=\"jet-button.default\">\n\t\t\t\t<div class=\"elementor-widget-container\">\n\t\t\t<div class=\"elementor-jet-button jet-elements\"><div class=\"jet-button__container\">\n\t<a class=\"jet-button__instance jet-button__instance--icon-left hover-effect-0\" href=\"https:\/\/www.triple-a-zertifikat.com\/aaa\/product\/triple-a-zertifikat\/\">\n\t\t<div class=\"jet-button__plane jet-button__plane-normal\"><\/div>\n\t\t<div class=\"jet-button__plane jet-button__plane-hover\"><\/div>\n\t\t<div class=\"jet-button__state jet-button__state-normal\">\n\t\t\t<span class=\"jet-button__label\">Anmelden<\/span>\t\t<\/div>\n\t\t<div class=\"jet-button__state jet-button__state-hover\">\n\t\t\t<span class=\"jet-button__label\">Jetzt!<\/span>\t\t<\/div>\n\t<\/a>\n<\/div>\n<\/div>\t\t<\/div>\n\t\t\t\t<\/div>\n\t\t\t\t\t<\/div>\n\t\t<\/div>\n\t\t\t\t\t<\/div>\n\t\t<\/section>\n\t\t\t\t<\/div>\n\t\t","protected":false},"excerpt":{"rendered":"<p>Hier hast du einen \u00dcberblick \u00fcber die anfallenden Pr\u00fcfungsgeb\u00fchren! Wie hoch sind die Pr\u00fcfungsgeb\u00fchren?Einmalig 250,- Euro. Was ist wenn ich bei der Pr\u00fcfung durchfalle?Das macht gar nichts, Du kannst so oft antreten, bis du es geschafft hast.Es entstehen keine weiteren Kosten. Wie kann ich bezahlen?Per Kreditkarte oder Bank\u00fcberweisung. \u00a0 Anmelden Jetzt!<\/p>\n","protected":false},"author":1,"featured_media":0,"parent":0,"menu_order":0,"comment_status":"closed","ping_status":"closed","template":"","meta":{"pmpro_default_level":"","footnotes":""},"_links":{"self":[{"href":"https:\/\/www.triple-a-zertifikat.com\/aaa\/wp-json\/wp\/v2\/pages\/689"}],"collection":[{"href":"https:\/\/www.triple-a-zertifikat.com\/aaa\/wp-json\/wp\/v2\/pages"}],"about":[{"href":"https:\/\/www.triple-a-zertifikat.com\/aaa\/wp-json\/wp\/v2\/types\/page"}],"author":[{"embeddable":true,"href":"https:\/\/www.triple-a-zertifikat.com\/aaa\/wp-json\/wp\/v2\/users\/1"}],"replies":[{"embeddable":true,"href":"https:\/\/www.triple-a-zertifikat.com\/aaa\/wp-json\/wp\/v2\/comments?post=689"}],"version-history":[{"count":6,"href":"https:\/\/www.triple-a-zertifikat.com\/aaa\/wp-json\/wp\/v2\/pages\/689\/revisions"}],"predecessor-version":[{"id":815,"href":"https:\/\/www.triple-a-zertifikat.com\/aaa\/wp-json\/wp\/v2\/pages\/689\/revisions\/815"}],"wp:attachment":[{"href":"https:\/\/www.triple-a-zertifikat.com\/aaa\/wp-json\/wp\/v2\/media?parent=689"}],"curies":[{"name":"wp","href":"https:\/\/api.w.org\/{rel}","templated":true}]}}